{"id":2080,"date":"2022-09-18T06:38:07","date_gmt":"2022-09-18T06:38:07","guid":{"rendered":"https:\/\/dentaldesignsmile.com\/?page_id=2080"},"modified":"2026-02-18T16:01:22","modified_gmt":"2026-02-18T21:01:22","slug":"porcelain-veneers","status":"publish","type":"page","link":"https:\/\/dentaldesignsmile.com\/es\/porcelain-veneers\/","title":{"rendered":"Carillas de Porcelana"},"content":{"rendered":"<div data-elementor-type=\"wp-page\" data-elementor-id=\"2080\" class=\"elementor elementor-2080\" data-elementor-post-type=\"page\">\n\t\t\t\t<div class=\"elementor-element elementor-element-64b0bac e-con-full e-flex e-con e-parent\" data-id=\"64b0bac\" data-element_type=\"container\" data-settings=\"{&quot;background_background&quot;:&quot;classic&quot;}\">\n\t\t\t\t<div class=\"elementor-element elementor-element-6d41cbf elementor-widget elementor-widget-heading\" data-id=\"6d41cbf\" data-element_type=\"widget\" data-widget_type=\"heading.default\">\n\t\t\t\t<div class=\"elementor-widget-container\">\n\t\t\t\t\t<h1 class=\"elementor-heading-title elementor-size-default\">Tratamiento de Carillas de Porcelana<\/h1>\t\t\t\t<\/div>\n\t\t\t\t<\/div>\n\t\t\t\t<\/div>\n\t\t<div class=\"elementor-element elementor-element-260f1f9 e-con-full e-grid e-con e-parent\" data-id=\"260f1f9\" data-element_type=\"container\" data-settings=\"{&quot;background_background&quot;:&quot;classic&quot;}\">\n\t\t\t\t<div class=\"elementor-element elementor-element-7f44812 elementor-widget elementor-widget-heading\" data-id=\"7f44812\" data-element_type=\"widget\" data-widget_type=\"heading.default\">\n\t\t\t\t<div class=\"elementor-widget-container\">\n\t\t\t\t\t<h2 class=\"elementor-heading-title elementor-size-default\">Porcelain Veneers Requirements<\/h2>\t\t\t\t<\/div>\n\t\t\t\t<\/div>\n\t\t\t\t<div class=\"elementor-element elementor-element-172fe98 elementor-align-center elementor-widget elementor-widget-button\" data-id=\"172fe98\" data-element_type=\"widget\" data-widget_type=\"button.default\">\n\t\t\t\t<div class=\"elementor-widget-container\">\n\t\t\t\t\t\t\t\t\t<div class=\"elementor-button-wrapper\">\n\t\t\t\t\t<a class=\"elementor-button elementor-button-link elementor-size-md\" href=\"https:\/\/dentaldesignsmile.com\/es\/procedure-requirements\/\">\n\t\t\t\t\t\t<span class=\"elementor-button-content-wrapper\">\n\t\t\t\t\t\t\t\t\t<span class=\"elementor-button-text\">Ver Requisitos<\/span>\n\t\t\t\t\t<\/span>\n\t\t\t\t\t<\/a>\n\t\t\t\t<\/div>\n\t\t\t\t\t\t\t\t<\/div>\n\t\t\t\t<\/div>\n\t\t\t\t<\/div>\n\t\t<div class=\"elementor-element elementor-element-6ee185b e-flex e-con-boxed e-con e-parent\" data-id=\"6ee185b\" data-element_type=\"container\">\n\t\t\t\t\t<div class=\"e-con-inner\">\n\t\t<div class=\"elementor-element elementor-element-b40c4a5 e-flex e-con-boxed e-con e-child\" data-id=\"b40c4a5\" data-element_type=\"container\">\n\t\t\t\t\t<div class=\"e-con-inner\">\n\t\t<div class=\"elementor-element elementor-element-72676dd e-flex e-con-boxed e-con e-child\" data-id=\"72676dd\" data-element_type=\"container\">\n\t\t\t\t\t<div class=\"e-con-inner\">\n\t\t\t\t<div class=\"elementor-element elementor-element-c87e0c1 elementor-widget elementor-widget-heading\" data-id=\"c87e0c1\" data-element_type=\"widget\" data-widget_type=\"heading.default\">\n\t\t\t\t<div class=\"elementor-widget-container\">\n\t\t\t\t\t<h2 class=\"elementor-heading-title elementor-size-default\">Carillas de Porcelana<\/h2>\t\t\t\t<\/div>\n\t\t\t\t<\/div>\n\t\t\t\t<div class=\"elementor-element elementor-element-628cd7b elementor-widget elementor-widget-text-editor\" data-id=\"628cd7b\" data-element_type=\"widget\" data-widget_type=\"text-editor.default\">\n\t\t\t\t<div class=\"elementor-widget-container\">\n\t\t\t\t\t\t\t\t\t<p><strong>Carillas de Porcelana<\/strong>\u00a0son una fina capa de porcelana que se adhiere a los dientes para restaurar una sonrisa de aspecto natural.<\/p><p class=\"translation-block\">El\u00a0<strong>Dise\u00f1o de Porcelana<\/strong>\u00a0es una alternativa para el dise\u00f1o de sonrisa donde la preparaci\u00f3n de los dientes es menos conservadora que el\u00a0<strong>Dise\u00f1o de Resina<\/strong>\u00a0obteniendo de esta forma mayor durabilidad, mayor est\u00e9tica y conservaci\u00f3n de la misma.<\/p><h3><strong>Las carillas se pueden utilizar como una soluci\u00f3n cosm\u00e9tica para:<\/strong><\/h3><p>\u2013 Espacios entre dientes<\/p><p>\u2013 Dientes rotos, astillados o agrietados<\/p><p>\u2013 Dientes muy manchados o coloreados<\/p><p>\u2013 Dientes torcidos o de forma irregular<\/p><p>\u2013\u00a0Remodelar los dientes desalineados<\/p><p>\u2013 Rellenos est\u00e9ticamente desagradables<\/p>\t\t\t\t\t\t\t\t<\/div>\n\t\t\t\t<\/div>\n\t\t\t\t\t<\/div>\n\t\t\t\t<\/div>\n\t\t<div class=\"elementor-element elementor-element-d21dc4f e-con-full e-flex e-con e-child\" data-id=\"d21dc4f\" data-element_type=\"container\">\n\t\t\t\t<div class=\"elementor-element elementor-element-44eddde elementor-widget elementor-widget-image\" data-id=\"44eddde\" data-element_type=\"widget\" data-widget_type=\"image.default\">\n\t\t\t\t<div class=\"elementor-widget-container\">\n\t\t\t\t\t\t\t\t\t\t\t\t\t\t\t<img loading=\"lazy\" decoding=\"async\" width=\"300\" height=\"200\" src=\"https:\/\/dentaldesignsmile.com\/wp-content\/uploads\/2022\/09\/pb-05-300x200.jpeg\" class=\"attachment-medium size-medium wp-image-2391\" alt=\"\" srcset=\"https:\/\/dentaldesignsmile.com\/wp-content\/uploads\/2022\/09\/pb-05-300x200.jpeg 300w, https:\/\/dentaldesignsmile.com\/wp-content\/uploads\/2022\/09\/pb-05-768x512.jpeg 768w, https:\/\/dentaldesignsmile.com\/wp-content\/uploads\/2022\/09\/pb-05.jpeg 1024w\" sizes=\"auto, (max-width: 300px) 100vw, 300px\" \/>\t\t\t\t\t\t\t\t\t\t\t\t\t\t\t<\/div>\n\t\t\t\t<\/div>\n\t\t\t\t<div class=\"elementor-element elementor-element-0251692 elementor-widget elementor-widget-image\" data-id=\"0251692\" data-element_type=\"widget\" data-widget_type=\"image.default\">\n\t\t\t\t<div class=\"elementor-widget-container\">\n\t\t\t\t\t\t\t\t\t\t\t\t\t\t\t<img loading=\"lazy\" decoding=\"async\" width=\"300\" height=\"200\" src=\"https:\/\/dentaldesignsmile.com\/wp-content\/uploads\/2022\/09\/pb-06-300x200.jpeg\" class=\"attachment-medium size-medium wp-image-2392\" alt=\"\" srcset=\"https:\/\/dentaldesignsmile.com\/wp-content\/uploads\/2022\/09\/pb-06-300x200.jpeg 300w, https:\/\/dentaldesignsmile.com\/wp-content\/uploads\/2022\/09\/pb-06-768x512.jpeg 768w, https:\/\/dentaldesignsmile.com\/wp-content\/uploads\/2022\/09\/pb-06.jpeg 1024w\" sizes=\"auto, (max-width: 300px) 100vw, 300px\" \/>\t\t\t\t\t\t\t\t\t\t\t\t\t\t\t<\/div>\n\t\t\t\t<\/div>\n\t\t\t\t<\/div>\n\t\t<div class=\"elementor-element elementor-element-31afb0e e-flex e-con-boxed e-con e-child\" data-id=\"31afb0e\" data-element_type=\"container\">\n\t\t\t\t\t<div class=\"e-con-inner\">\n\t\t\t\t<div class=\"elementor-element elementor-element-bec8271 elementor-widget elementor-widget-image\" data-id=\"bec8271\" data-element_type=\"widget\" data-widget_type=\"image.default\">\n\t\t\t\t<div class=\"elementor-widget-container\">\n\t\t\t\t\t\t\t\t\t\t\t\t\t\t\t<img loading=\"lazy\" decoding=\"async\" width=\"300\" height=\"200\" src=\"https:\/\/dentaldesignsmile.com\/wp-content\/uploads\/2022\/09\/pb-07-300x200.jpeg\" class=\"attachment-medium size-medium wp-image-2393\" alt=\"\" srcset=\"https:\/\/dentaldesignsmile.com\/wp-content\/uploads\/2022\/09\/pb-07-300x200.jpeg 300w, https:\/\/dentaldesignsmile.com\/wp-content\/uploads\/2022\/09\/pb-07-768x512.jpeg 768w, https:\/\/dentaldesignsmile.com\/wp-content\/uploads\/2022\/09\/pb-07.jpeg 1024w\" sizes=\"auto, (max-width: 300px) 100vw, 300px\" \/>\t\t\t\t\t\t\t\t\t\t\t\t\t\t\t<\/div>\n\t\t\t\t<\/div>\n\t\t\t\t<div class=\"elementor-element elementor-element-e75e0ed elementor-widget elementor-widget-image\" data-id=\"e75e0ed\" data-element_type=\"widget\" data-widget_type=\"image.default\">\n\t\t\t\t<div class=\"elementor-widget-container\">\n\t\t\t\t\t\t\t\t\t\t\t\t\t\t\t<img loading=\"lazy\" decoding=\"async\" width=\"300\" height=\"200\" src=\"https:\/\/dentaldesignsmile.com\/wp-content\/uploads\/2022\/09\/pb-08-300x200.jpeg\" class=\"attachment-medium size-medium wp-image-2390\" alt=\"\" srcset=\"https:\/\/dentaldesignsmile.com\/wp-content\/uploads\/2022\/09\/pb-08-300x200.jpeg 300w, https:\/\/dentaldesignsmile.com\/wp-content\/uploads\/2022\/09\/pb-08-768x512.jpeg 768w, https:\/\/dentaldesignsmile.com\/wp-content\/uploads\/2022\/09\/pb-08.jpeg 1024w\" sizes=\"auto, (max-width: 300px) 100vw, 300px\" \/>\t\t\t\t\t\t\t\t\t\t\t\t\t\t\t<\/div>\n\t\t\t\t<\/div>\n\t\t\t\t\t<\/div>\n\t\t\t\t<\/div>\n\t\t\t\t\t<\/div>\n\t\t\t\t<\/div>\n\t\t\t\t\t<\/div>\n\t\t\t\t<\/div>\n\t\t<div class=\"elementor-element elementor-element-5c6cf05 e-flex e-con-boxed e-con e-parent\" data-id=\"5c6cf05\" data-element_type=\"container\" data-settings=\"{&quot;background_background&quot;:&quot;classic&quot;}\">\n\t\t\t\t\t<div class=\"e-con-inner\">\n\t\t\t\t<div class=\"elementor-element elementor-element-031bd84 elementor-widget elementor-widget-heading\" data-id=\"031bd84\" data-element_type=\"widget\" data-widget_type=\"heading.default\">\n\t\t\t\t<div class=\"elementor-widget-container\">\n\t\t\t\t\t<h2 class=\"elementor-heading-title elementor-size-default\">EJEMPLO ANTES \/ DESPU\u00c9S<\/h2>\t\t\t\t<\/div>\n\t\t\t\t<\/div>\n\t\t<div class=\"elementor-element elementor-element-0cf754c e-flex e-con-boxed e-con e-child\" data-id=\"0cf754c\" data-element_type=\"container\">\n\t\t\t\t\t<div class=\"e-con-inner\">\n\t\t\t\t<div class=\"elementor-element elementor-element-c1e4ecb elementor-widget elementor-widget-html\" data-id=\"c1e4ecb\" data-element_type=\"widget\" data-widget_type=\"html.default\">\n\t\t\t\t<div class=\"elementor-widget-container\">\n\t\t\t\t\t<div class=\"before-after-slider\">\r\n  <div class=\"slider-container\">\r\n    <div class=\"image-wrapper\">\r\n      <img decoding=\"async\" class=\"image-after\" src=\"https:\/\/dentaldesignsmile.com\/wp-content\/uploads\/2022\/09\/pb-08.jpeg\" alt=\"AFTER\">\r\n      <img decoding=\"async\" class=\"image-before\" src=\"https:\/\/dentaldesignsmile.com\/wp-content\/uploads\/2022\/09\/CRV_01.jpg\" alt=\"BEFORE\">\r\n    <\/div>\r\n    <input type=\"range\" class=\"slider\" min=\"0\" max=\"100\" value=\"50\">\r\n    <div class=\"label before\">BEFORE<\/div>\r\n    <div class=\"label after\">AFTER<\/div>\r\n    <div class=\"slider-handle\"><\/div>\r\n  <\/div>\r\n<\/div>\r\n\r\n<style>\r\n.before-after-slider {\r\n  max-width: 100%;\r\n  margin: 0 auto;\r\n  padding: 10px;\r\n  box-sizing: border-box;\r\n}\r\n\r\n.slider-container {\r\n  position: relative;\r\n  width: 100%;\r\n  overflow: hidden;\r\n  border-radius: 8px;\r\n  box-shadow: 0 5px 15px rgba(0,0,0,0.2);\r\n}\r\n\r\n.image-wrapper {\r\n  position: relative;\r\n  width: 100%;\r\n  height: auto;\r\n}\r\n\r\n.image-wrapper img {\r\n  display: block;\r\n  width: 100%;\r\n  height: 100%;\r\n  object-fit: cover;\r\n}\r\n\r\n.image-after {\r\n  width: 100%;\r\n}\r\n\r\n.image-before {\r\n  position: absolute;\r\n  top: 0;\r\n  left: 0;\r\n  width: 100%;\r\n  height: 100%;\r\n  z-index: 2;\r\n  clip-path: inset(0 50% 0 0);\r\n  object-fit: cover;\r\n}\r\n\r\n.slider {\r\n  position: absolute;\r\n  top: 0;\r\n  left: 0;\r\n  width: 100%;\r\n  height: 100%;\r\n  margin: 0;\r\n  -webkit-appearance: none;\r\n  appearance: none;\r\n  background: transparent;\r\n  outline: none;\r\n  z-index: 3;\r\n  cursor: ew-resize;\r\n}\r\n\r\n.slider::-webkit-slider-thumb {\r\n  -webkit-appearance: none;\r\n  appearance: none;\r\n  width: 40px;\r\n  height: 40px;\r\n  background: #e4d33c;\r\n  border-radius: 50%;\r\n  border: 3px solid #333;\r\n  box-shadow: 0 0 10px rgba(0,0,0,0.3);\r\n}\r\n\r\n.slider-handle {\r\n  position: absolute;\r\n  top: 0;\r\n  left: 50%;\r\n  width: 4px;\r\n  height: 100%;\r\n  background: white;\r\n  z-index: 2;\r\n  pointer-events: none;\r\n  box-shadow: 0 0 5px rgba(0,0,0,0.5);\r\n  transform: translateX(-50%);\r\n}\r\n\r\n.label {\r\n  position: absolute;\r\n  bottom: 20px;\r\n  padding: 8px 15px;\r\n  background: rgba(0,0,0,0.7);\r\n  color: white;\r\n  border-radius: 4px;\r\n  font-family: Arial, sans-serif;\r\n  font-size: 14px;\r\n  z-index: 3;\r\n}\r\n\r\n.label.before {\r\n  left: 20px;\r\n}\r\n\r\n.label.after {\r\n  right: 20px;\r\n}\r\n\r\n@media (max-width: 768px) {\r\n  .label {\r\n    font-size: 12px;\r\n    padding: 5px 10px;\r\n  bottom: 10px;\r\n  }\r\n  \r\n  .slider::-webkit-slider-thumb {\r\n    width: 30px;\r\n    height: 30px;\r\n  }\r\n  .before-after-slider {\r\n   padding: 0px;\r\n  }\r\n}\r\n<\/style>\r\n\r\n<script>\r\ndocument.addEventListener('DOMContentLoaded', function() {\r\n  const slider = document.querySelector('.slider');\r\n  const beforeImage = document.querySelector('.image-before');\r\n  const sliderHandle = document.querySelector('.slider-handle');\r\n  \r\n  \/\/ Inicializa com 50%\r\n  beforeImage.style.clipPath = 'inset(0 50% 0 0)';\r\n  sliderHandle.style.left = '50%';\r\n  \r\n  slider.addEventListener('input', function() {\r\n    const value = this.value;\r\n    beforeImage.style.clipPath = `inset(0 ${100-value}% 0 0)`;\r\n    sliderHandle.style.left = `${value}%`;\r\n  });\r\n  \r\n  \/\/ Ajusta a altura quando a imagem carregar\r\n  const afterImage = document.querySelector('.image-after');\r\n  afterImage.onload = function() {\r\n    const container = document.querySelector('.slider-container');\r\n    container.style.height = afterImage.offsetHeight + 'px';\r\n  };\r\n  \r\n  \/\/ Garante que a altura seja ajustada mesmo se a imagem estiver em cache\r\n  if(afterImage.complete) afterImage.onload();\r\n});\r\n<\/script>\t\t\t\t<\/div>\n\t\t\t\t<\/div>\n\t\t\t\t\t<\/div>\n\t\t\t\t<\/div>\n\t\t\t\t\t<\/div>\n\t\t\t\t<\/div>\n\t\t<div class=\"elementor-element elementor-element-180ea1a e-con-full e-flex e-con e-parent\" data-id=\"180ea1a\" data-element_type=\"container\" data-settings=\"{&quot;background_background&quot;:&quot;classic&quot;}\">\n\t\t\t\t<div class=\"elementor-element elementor-element-7b3a5f3 elementor-widget elementor-widget-heading\" data-id=\"7b3a5f3\" data-element_type=\"widget\" data-widget_type=\"heading.default\">\n\t\t\t\t<div class=\"elementor-widget-container\">\n\t\t\t\t\t<h2 class=\"elementor-heading-title elementor-size-default\">\t\nRedesigned Smile<\/h2>\t\t\t\t<\/div>\n\t\t\t\t<\/div>\n\t\t\t\t<div class=\"elementor-element elementor-element-33bbc2a elementor-widget elementor-widget-heading\" data-id=\"33bbc2a\" data-element_type=\"widget\" data-widget_type=\"heading.default\">\n\t\t\t\t<div class=\"elementor-widget-container\">\n\t\t\t\t\t<h2 class=\"elementor-heading-title elementor-size-default\">Better Life Quality<\/h2>\t\t\t\t<\/div>\n\t\t\t\t<\/div>\n\t\t\t\t<div class=\"elementor-element elementor-element-8760cf9 elementor-widget elementor-widget-heading\" data-id=\"8760cf9\" data-element_type=\"widget\" data-widget_type=\"heading.default\">\n\t\t\t\t<div class=\"elementor-widget-container\">\n\t\t\t\t\t<h2 class=\"elementor-heading-title elementor-size-default\">Restored Smile<\/h2>\t\t\t\t<\/div>\n\t\t\t\t<\/div>\n\t\t\t\t<div class=\"elementor-element elementor-element-5b0c69d elementor-widget elementor-widget-heading\" data-id=\"5b0c69d\" data-element_type=\"widget\" data-widget_type=\"heading.default\">\n\t\t\t\t<div class=\"elementor-widget-container\">\n\t\t\t\t\t<h2 class=\"elementor-heading-title elementor-size-default\">More Confidence<\/h2>\t\t\t\t<\/div>\n\t\t\t\t<\/div>\n\t\t\t\t<\/div>\n\t\t<div class=\"elementor-element elementor-element-73ec0c8 e-con-full e-flex e-con e-parent\" data-id=\"73ec0c8\" data-element_type=\"container\">\n\t\t\t\t<div class=\"elementor-element elementor-element-6c9390d elementor-widget elementor-widget-template\" data-id=\"6c9390d\" data-element_type=\"widget\" data-widget_type=\"template.default\">\n\t\t\t\t<div class=\"elementor-widget-container\">\n\t\t\t\t\t\t\t<div class=\"elementor-template\">\r\n\t\t\t\t\t<div data-elementor-type=\"container\" data-elementor-id=\"7216\" class=\"elementor elementor-7216\" data-elementor-post-type=\"elementor_library\">\n\t\t\t\t<section class=\"elementor-element elementor-element-212e5769 e-con-full e-flex e-con e-parent\" data-id=\"212e5769\" data-element_type=\"container\" data-settings=\"{&quot;background_background&quot;:&quot;classic&quot;}\">\n\t\t\t\t<div class=\"elementor-element elementor-element-11d59a79 elementor-widget-mobile__width-inherit elementor-widget elementor-widget-text-editor\" data-id=\"11d59a79\" data-element_type=\"widget\" data-widget_type=\"text-editor.default\">\n\t\t\t\t<div class=\"elementor-widget-container\">\n\t\t\t\t\t\t\t\t\t<p style=\"text-align: center;\">Solic\u00edtalo aqu\u00ed y recibe una propuesta de la m\u00e1s alta calidad<\/p>\t\t\t\t\t\t\t\t<\/div>\n\t\t\t\t<\/div>\n\t\t\t\t<div class=\"elementor-element elementor-element-4f6a8f35 elementor-widget elementor-widget-button\" data-id=\"4f6a8f35\" data-element_type=\"widget\" data-widget_type=\"button.default\">\n\t\t\t\t<div class=\"elementor-widget-container\">\n\t\t\t\t\t\t\t\t\t<div class=\"elementor-button-wrapper\">\n\t\t\t\t\t<a class=\"elementor-button elementor-button-link elementor-size-sm\" href=\"https:\/\/dentaldesignsmile.com\/es\/financing\/\">\n\t\t\t\t\t\t<span class=\"elementor-button-content-wrapper\">\n\t\t\t\t\t\t\t\t\t<span class=\"elementor-button-text\">SOLICITAR FINANCIAMIENTO<\/span>\n\t\t\t\t\t<\/span>\n\t\t\t\t\t<\/a>\n\t\t\t\t<\/div>\n\t\t\t\t\t\t\t\t<\/div>\n\t\t\t\t<\/div>\n\t\t\t\t<\/section>\n\t\t\t\t<\/div>\n\t\t\t\t<\/div>\r\n\t\t\t\t\t\t<\/div>\n\t\t\t\t<\/div>\n\t\t\t\t<\/div>\n\t\t\t\t<\/div>","protected":false},"excerpt":{"rendered":"<p>Porcelain Veneers Treatment Porcelain Veneers Requirements See Requirements Porcelain Veneers Porcelain Veneers\u00a0are a thin layer of porcelain that adhere to teeth\u00a0to restore a natural looking smile. The\u00a0Porcelain Design\u00a0is an alternative for smile design where the preparation of the teeth is less conservative than the\u00a0Resin Design\u00a0obtaining in this way greater durability, greater aesthetics and preservation of [&hellip;]<\/p>\n","protected":false},"author":1,"featured_media":0,"parent":0,"menu_order":0,"comment_status":"closed","ping_status":"closed","template":"elementor_header_footer","meta":{"footnotes":""},"class_list":["post-2080","page","type-page","status-publish","hentry"],"aioseo_notices":[],"_links":{"self":[{"href":"https:\/\/dentaldesignsmile.com\/es\/wp-json\/wp\/v2\/pages\/2080","targetHints":{"allow":["GET"]}}],"collection":[{"href":"https:\/\/dentaldesignsmile.com\/es\/wp-json\/wp\/v2\/pages"}],"about":[{"href":"https:\/\/dentaldesignsmile.com\/es\/wp-json\/wp\/v2\/types\/page"}],"author":[{"embeddable":true,"href":"https:\/\/dentaldesignsmile.com\/es\/wp-json\/wp\/v2\/users\/1"}],"replies":[{"embeddable":true,"href":"https:\/\/dentaldesignsmile.com\/es\/wp-json\/wp\/v2\/comments?post=2080"}],"version-history":[{"count":6,"href":"https:\/\/dentaldesignsmile.com\/es\/wp-json\/wp\/v2\/pages\/2080\/revisions"}],"predecessor-version":[{"id":13768,"href":"https:\/\/dentaldesignsmile.com\/es\/wp-json\/wp\/v2\/pages\/2080\/revisions\/13768"}],"wp:attachment":[{"href":"https:\/\/dentaldesignsmile.com\/es\/wp-json\/wp\/v2\/media?parent=2080"}],"curies":[{"name":"wp","href":"https:\/\/api.w.org\/{rel}","templated":true}]}}