{"id":2141,"date":"2022-09-18T07:15:52","date_gmt":"2022-09-18T07:15:52","guid":{"rendered":"https:\/\/dentaldesignsmile.com\/?page_id=2141"},"modified":"2026-02-18T16:02:39","modified_gmt":"2026-02-18T21:02:39","slug":"procedure-requirements","status":"publish","type":"page","link":"https:\/\/dentaldesignsmile.com\/es\/procedure-requirements\/","title":{"rendered":"Requisitos del Procedimiento"},"content":{"rendered":"<div data-elementor-type=\"wp-page\" data-elementor-id=\"2141\" class=\"elementor elementor-2141\" data-elementor-post-type=\"page\">\n\t\t\t\t<div class=\"elementor-element elementor-element-d147359 e-con-full e-flex e-con e-parent\" data-id=\"d147359\" data-element_type=\"container\" data-settings=\"{&quot;background_background&quot;:&quot;classic&quot;}\">\n\t\t\t\t<div class=\"elementor-element elementor-element-0f2a161 elementor-widget elementor-widget-heading\" data-id=\"0f2a161\" data-element_type=\"widget\" data-widget_type=\"heading.default\">\n\t\t\t\t<div class=\"elementor-widget-container\">\n\t\t\t\t\t<h1 class=\"elementor-heading-title elementor-size-default\">Resin Procedure &amp; Porcelain Design: Fast, Safe, and No Waiting<\/h1>\t\t\t\t<\/div>\n\t\t\t\t<\/div>\n\t\t\t\t<\/div>\n\t\t<div class=\"elementor-element elementor-element-365b79b e-flex e-con-boxed e-con e-parent\" data-id=\"365b79b\" data-element_type=\"container\">\n\t\t\t\t\t<div class=\"e-con-inner\">\n\t\t\t\t<div class=\"elementor-element elementor-element-5224466 elementor-widget elementor-widget-text-editor\" data-id=\"5224466\" data-element_type=\"widget\" data-widget_type=\"text-editor.default\">\n\t\t\t\t<div class=\"elementor-widget-container\">\n\t\t\t\t\t\t\t\t\t<p><span style=\"color: #ffff00;\"><strong>Ready to transform your smile?<\/strong><\/span><\/p><p>Our resin procedure is quick, non-invasive, and can be completed in just 3 to 4 hours. Available in both Miami and Jersey City, it gives you a refreshed smile in record time.<\/p><p>Please note: In Jersey City, one of our specialized doctors travels to New Jersey once a month, so availability is more limited. Make sure to book your appointment in advance!<\/p><p><span style=\"color: #ffff00;\">Porcelain Design Ready in Just a Few Days<\/span><\/p><p>Tired of waiting weeks to see your new smile design?<br \/>With our advanced system, your porcelain smile design will be ready in just 3 to 4 days. No long waits or complicated processes\u2014just a perfect smile, faster than ever.<\/p><p>The first step for out of state patients is to send us a picture of your smile (See picture example in our brochure) to our email:<\/p><p><a style=\"color: #e4d33c;\" href=\"mailto:contact@dentaldesignsmile.com\">contact@dentaldesignsmile.com<\/a><\/p>\t\t\t\t\t\t\t\t<\/div>\n\t\t\t\t<\/div>\n\t\t\t\t\t<\/div>\n\t\t\t\t<\/div>\n\t\t<div class=\"elementor-element elementor-element-3d3f547 e-con-full e-flex e-con e-parent\" data-id=\"3d3f547\" data-element_type=\"container\">\n\t\t\t\t<div class=\"elementor-element elementor-element-ce67883 elementor-widget elementor-widget-template\" data-id=\"ce67883\" data-element_type=\"widget\" data-widget_type=\"template.default\">\n\t\t\t\t<div class=\"elementor-widget-container\">\n\t\t\t\t\t\t\t<div class=\"elementor-template\">\r\n\t\t\t\t\t<div data-elementor-type=\"container\" data-elementor-id=\"7216\" class=\"elementor elementor-7216\" data-elementor-post-type=\"elementor_library\">\n\t\t\t\t<section class=\"elementor-element elementor-element-212e5769 e-con-full e-flex e-con e-parent\" data-id=\"212e5769\" data-element_type=\"container\" data-settings=\"{&quot;background_background&quot;:&quot;classic&quot;}\">\n\t\t\t\t<div class=\"elementor-element elementor-element-11d59a79 elementor-widget-mobile__width-inherit elementor-widget elementor-widget-text-editor\" data-id=\"11d59a79\" data-element_type=\"widget\" data-widget_type=\"text-editor.default\">\n\t\t\t\t<div class=\"elementor-widget-container\">\n\t\t\t\t\t\t\t\t\t<p style=\"text-align: center;\">Solic\u00edtalo aqu\u00ed y recibe una propuesta de la m\u00e1s alta calidad<\/p>\t\t\t\t\t\t\t\t<\/div>\n\t\t\t\t<\/div>\n\t\t\t\t<div class=\"elementor-element elementor-element-4f6a8f35 elementor-widget elementor-widget-button\" data-id=\"4f6a8f35\" data-element_type=\"widget\" data-widget_type=\"button.default\">\n\t\t\t\t<div class=\"elementor-widget-container\">\n\t\t\t\t\t\t\t\t\t<div class=\"elementor-button-wrapper\">\n\t\t\t\t\t<a class=\"elementor-button elementor-button-link elementor-size-sm\" href=\"https:\/\/dentaldesignsmile.com\/es\/financing\/\">\n\t\t\t\t\t\t<span class=\"elementor-button-content-wrapper\">\n\t\t\t\t\t\t\t\t\t<span class=\"elementor-button-text\">SOLICITAR FINANCIAMIENTO<\/span>\n\t\t\t\t\t<\/span>\n\t\t\t\t\t<\/a>\n\t\t\t\t<\/div>\n\t\t\t\t\t\t\t\t<\/div>\n\t\t\t\t<\/div>\n\t\t\t\t<\/section>\n\t\t\t\t<\/div>\n\t\t\t\t<\/div>\r\n\t\t\t\t\t\t<\/div>\n\t\t\t\t<\/div>\n\t\t\t\t<\/div>\n\t\t\t\t<\/div>","protected":false},"excerpt":{"rendered":"<p>Resin Procedure &amp; Porcelain Design: Fast, Safe, and No Waiting Ready to transform your smile? Our resin procedure is quick, non-invasive, and can be completed in just 3 to 4 hours. Available in both Miami and Jersey City, it gives you a refreshed smile in record time. Please note: In Jersey City, one of our [&hellip;]<\/p>\n","protected":false},"author":1,"featured_media":0,"parent":0,"menu_order":0,"comment_status":"closed","ping_status":"closed","template":"elementor_header_footer","meta":{"footnotes":""},"class_list":["post-2141","page","type-page","status-publish","hentry"],"aioseo_notices":[],"_links":{"self":[{"href":"https:\/\/dentaldesignsmile.com\/es\/wp-json\/wp\/v2\/pages\/2141","targetHints":{"allow":["GET"]}}],"collection":[{"href":"https:\/\/dentaldesignsmile.com\/es\/wp-json\/wp\/v2\/pages"}],"about":[{"href":"https:\/\/dentaldesignsmile.com\/es\/wp-json\/wp\/v2\/types\/page"}],"author":[{"embeddable":true,"href":"https:\/\/dentaldesignsmile.com\/es\/wp-json\/wp\/v2\/users\/1"}],"replies":[{"embeddable":true,"href":"https:\/\/dentaldesignsmile.com\/es\/wp-json\/wp\/v2\/comments?post=2141"}],"version-history":[{"count":6,"href":"https:\/\/dentaldesignsmile.com\/es\/wp-json\/wp\/v2\/pages\/2141\/revisions"}],"predecessor-version":[{"id":13771,"href":"https:\/\/dentaldesignsmile.com\/es\/wp-json\/wp\/v2\/pages\/2141\/revisions\/13771"}],"wp:attachment":[{"href":"https:\/\/dentaldesignsmile.com\/es\/wp-json\/wp\/v2\/media?parent=2141"}],"curies":[{"name":"wp","href":"https:\/\/api.w.org\/{rel}","templated":true}]}}