{"id":666,"date":"2021-11-25T12:01:26","date_gmt":"2021-11-25T12:01:26","guid":{"rendered":"https:\/\/demosites.royal-elementor-addons.com\/medical-1\/?page_id=666"},"modified":"2026-02-19T15:37:44","modified_gmt":"2026-02-19T20:37:44","slug":"about-us","status":"publish","type":"page","link":"https:\/\/dentaldesignsmile.com\/es\/about-us\/","title":{"rendered":"Acerca De"},"content":{"rendered":"<div data-elementor-type=\"wp-page\" data-elementor-id=\"666\" class=\"elementor elementor-666\" data-elementor-post-type=\"page\">\n\t\t\t\t<section class=\"elementor-element elementor-element-aba0591 e-con-full e-flex e-con e-parent\" data-id=\"aba0591\" data-element_type=\"container\" data-settings=\"{&quot;background_background&quot;:&quot;classic&quot;}\">\n\t\t\t\t<div class=\"elementor-element elementor-element-b768074 elementor-widget elementor-widget-spacer\" data-id=\"b768074\" data-element_type=\"widget\" data-widget_type=\"spacer.default\">\n\t\t\t\t<div class=\"elementor-widget-container\">\n\t\t\t\t\t\t\t<div class=\"elementor-spacer\">\n\t\t\t<div class=\"elementor-spacer-inner\"><\/div>\n\t\t<\/div>\n\t\t\t\t\t\t<\/div>\n\t\t\t\t<\/div>\n\t\t\t\t<div class=\"elementor-element elementor-element-99dcf91 elementor-widget elementor-widget-heading\" data-id=\"99dcf91\" data-element_type=\"widget\" data-widget_type=\"heading.default\">\n\t\t\t\t<div class=\"elementor-widget-container\">\n\t\t\t\t\t<h1 class=\"elementor-heading-title elementor-size-default\">Acerca De<\/h1>\t\t\t\t<\/div>\n\t\t\t\t<\/div>\n\t\t\t\t<div class=\"elementor-element elementor-element-79afcb4 elementor-widget elementor-widget-spacer\" data-id=\"79afcb4\" data-element_type=\"widget\" data-widget_type=\"spacer.default\">\n\t\t\t\t<div class=\"elementor-widget-container\">\n\t\t\t\t\t\t\t<div class=\"elementor-spacer\">\n\t\t\t<div class=\"elementor-spacer-inner\"><\/div>\n\t\t<\/div>\n\t\t\t\t\t\t<\/div>\n\t\t\t\t<\/div>\n\t\t\t\t<\/section>\n\t\t<section class=\"elementor-element elementor-element-2e7befc e-flex e-con-boxed e-con e-parent\" data-id=\"2e7befc\" data-element_type=\"container\" data-settings=\"{&quot;background_background&quot;:&quot;classic&quot;}\">\n\t\t\t\t\t<div class=\"e-con-inner\">\n\t\t\t\t<div class=\"elementor-element elementor-element-33a5a21 elementor-widget elementor-widget-heading\" data-id=\"33a5a21\" data-element_type=\"widget\" data-widget_type=\"heading.default\">\n\t\t\t\t<div class=\"elementor-widget-container\">\n\t\t\t\t\t<h2 class=\"elementor-heading-title elementor-size-default\">Come, Habla, R\u00ede y Sonr\u00ede con confianza<\/h2>\t\t\t\t<\/div>\n\t\t\t\t<\/div>\n\t\t\t\t<div class=\"elementor-element elementor-element-5c8987e elementor-hidden-mobile elementor-widget elementor-widget-text-editor\" data-id=\"5c8987e\" data-element_type=\"widget\" data-widget_type=\"text-editor.default\">\n\t\t\t\t<div class=\"elementor-widget-container\">\n\t\t\t\t\t\t\t\t\t<p>Es un placer servir a nuestros pacientes con el mejor tratamiento dental a un costo asequible. Nos especializamos en el dise\u00f1o de sonrisa o mejor conocida como\u00a0<strong>Hollywood Smile<\/strong>\u00a0en\u00a0<strong>Resina Compuesta<\/strong>\u00a0y\u00a0<strong>Carillas de Porcelana<\/strong>, as\u00ed como nuestro personal especializado en implantes, coronas, puentes, endodoncia y mucho m\u00e1s. La mayor\u00eda de nuestros procedimientos tienen 1 a\u00f1o de garant\u00eda.<\/p><p>We have financial help for the convenience of our patients such as:<\/p><p><span style=\"color: var( --e-global-color-text ); text-align: var(--text-align); background-color: var( --e-global-color-secondary );\"><span style=\"color: #ffff00;\"><a style=\"color: #ffff00;\" href=\"https:\/\/www.carecredit.com\/\" target=\"_blank\" rel=\"noopener\">carecredit.com<\/a>,\u00a0<\/span><\/span><a style=\"text-align: var(--text-align); color: #ffff00;\" href=\"https:\/\/www.momnt.com\/\" target=\"_blank\" rel=\"noopener\">momnt.com<\/a>,\u00a0<a style=\"text-align: var(--text-align); color: #ffff00;\" href=\"https:\/\/www.unitedcredit.com\/\" target=\"_blank\" rel=\"noopener\">unitedcredit.com<\/a>,\u00a0<a style=\"text-align: var(--text-align); color: #ffff00;\" href=\"https:\/\/goalphaeon.com\/\" target=\"_blank\" rel=\"noopener\">alphaeon.com<\/a><\/p><p><span style=\"background-color: var( --e-global-color-secondary ); color: var( --e-global-color-text ); text-align: var(--text-align);\">We invite you to browse our website that contains a wide range of information about our treatments, as well as photos of the smile design and other procedures.<\/span><\/p><p>Nuestros pacientes son nuestro activo m\u00e1s valioso y nos esforzamos para que su experiencia en nuestra oficina sea positiva y constante. Gracias por su preferencia y distinci\u00f3n.<\/p>\t\t\t\t\t\t\t\t<\/div>\n\t\t\t\t<\/div>\n\t\t\t\t<div class=\"elementor-element elementor-element-abf9a48 elementor-hidden-desktop elementor-hidden-tablet elementor-widget elementor-widget-text-editor\" data-id=\"abf9a48\" data-element_type=\"widget\" data-widget_type=\"text-editor.default\">\n\t\t\t\t<div class=\"elementor-widget-container\">\n\t\t\t\t\t\t\t\t\t<p>Es un placer servir a nuestros pacientes con el mejor tratamiento dental a un costo asequible. Nos especializamos en el dise\u00f1o de sonrisa o mejor conocida como\u00a0<strong>Hollywood Smile<\/strong>\u00a0en\u00a0<strong>Resina Compuesta<\/strong>\u00a0y\u00a0<strong>Carillas de Porcelana<\/strong>, as\u00ed como nuestro personal especializado en implantes, coronas, puentes, endodoncia y mucho m\u00e1s. La mayor\u00eda de nuestros procedimientos tienen 1 a\u00f1o de garant\u00eda.<\/p><p>We have financial help for the convenience of our patients such as:<\/p><p><span style=\"color: var( --e-global-color-text ); text-align: var(--text-align); background-color: var( --e-global-color-secondary );\"><span style=\"color: #ffff00;\"><a style=\"color: #ffff00;\" href=\"https:\/\/www.carecredit.com\/\" target=\"_blank\" rel=\"noopener\">carecredit.com<\/a><\/span><\/span><\/p><p><span style=\"color: #ffff00;\"><a style=\"color: #ffff00;\" href=\"https:\/\/www.momnt.com\/\" target=\"_blank\" rel=\"noopener\"><span style=\"text-align: var(--text-align); background-color: var( --e-global-color-secondary );\">momnt.com<\/span><\/a><\/span><\/p><p><a style=\"text-align: var(--text-align); color: #ffff00;\" href=\"https:\/\/www.unitedcredit.com\/\" target=\"_blank\" rel=\"noopener\">unitedcredit.com<\/a><\/p><p><a style=\"text-align: var(--text-align); color: #ffff00;\" href=\"https:\/\/goalphaeon.com\/\" target=\"_blank\" rel=\"noopener\">alphaeon.com<\/a><\/p><p><span style=\"background-color: var( --e-global-color-secondary ); color: var( --e-global-color-text ); text-align: var(--text-align);\">We invite you to browse our website that contains a wide range of information about our treatments, as well as photos of the smile design and other procedures.<\/span><\/p><p>Nuestros pacientes son nuestro activo m\u00e1s valioso y nos esforzamos para que su experiencia en nuestra oficina sea positiva y constante. Gracias por su preferencia y distinci\u00f3n.<\/p>\t\t\t\t\t\t\t\t<\/div>\n\t\t\t\t<\/div>\n\t\t\t\t\t<\/div>\n\t\t\t\t<\/section>\n\t\t<section class=\"elementor-element elementor-element-d6dfc30 e-con-full e-flex e-con e-parent\" data-id=\"d6dfc30\" data-element_type=\"container\" data-settings=\"{&quot;background_background&quot;:&quot;classic&quot;}\">\n\t\t\t\t<div class=\"elementor-element elementor-element-0685508 elementor-widget elementor-widget-heading\" data-id=\"0685508\" data-element_type=\"widget\" data-widget_type=\"heading.default\">\n\t\t\t\t<div class=\"elementor-widget-container\">\n\t\t\t\t\t<h2 class=\"elementor-heading-title elementor-size-default\">Nuestro equipo profesional<\/h2>\t\t\t\t<\/div>\n\t\t\t\t<\/div>\n\t\t\t\t<\/section>\n\t\t<div class=\"elementor-element elementor-element-46649b2 e-con-full e-flex e-con e-parent\" data-id=\"46649b2\" data-element_type=\"container\" data-settings=\"{&quot;background_background&quot;:&quot;classic&quot;}\">\n\t\t\t\t<div class=\"elementor-element elementor-element-bd33065 elementor-position-top elementor-widget elementor-widget-image-box\" data-id=\"bd33065\" data-element_type=\"widget\" data-widget_type=\"image-box.default\">\n\t\t\t\t<div class=\"elementor-widget-container\">\n\t\t\t\t\t<div class=\"elementor-image-box-wrapper\"><figure class=\"elementor-image-box-img\"><img loading=\"lazy\" decoding=\"async\" width=\"300\" height=\"300\" src=\"https:\/\/dentaldesignsmile.com\/wp-content\/uploads\/2023\/06\/Doctor-7-300x300.jpg\" class=\"attachment-medium size-medium wp-image-7356\" alt=\"\" srcset=\"https:\/\/dentaldesignsmile.com\/wp-content\/uploads\/2023\/06\/Doctor-7-300x300.jpg 300w, https:\/\/dentaldesignsmile.com\/wp-content\/uploads\/2023\/06\/Doctor-7-150x150.jpg 150w, https:\/\/dentaldesignsmile.com\/wp-content\/uploads\/2023\/06\/Doctor-7-12x12.jpg 12w, https:\/\/dentaldesignsmile.com\/wp-content\/uploads\/2023\/06\/Doctor-7.jpg 500w\" sizes=\"auto, (max-width: 300px) 100vw, 300px\" \/><\/figure><div class=\"elementor-image-box-content\"><h3 class=\"elementor-image-box-title\">Dr. Gonzalez<\/h3><\/div><\/div>\t\t\t\t<\/div>\n\t\t\t\t<\/div>\n\t\t\t\t<div class=\"elementor-element elementor-element-8313b96 elementor-position-top elementor-widget elementor-widget-image-box\" data-id=\"8313b96\" data-element_type=\"widget\" data-widget_type=\"image-box.default\">\n\t\t\t\t<div class=\"elementor-widget-container\">\n\t\t\t\t\t<div class=\"elementor-image-box-wrapper\"><figure class=\"elementor-image-box-img\"><img loading=\"lazy\" decoding=\"async\" width=\"300\" height=\"300\" src=\"https:\/\/dentaldesignsmile.com\/wp-content\/uploads\/2022\/09\/Doctora3-300x300.png\" class=\"attachment-medium size-medium wp-image-2971\" alt=\"\" srcset=\"https:\/\/dentaldesignsmile.com\/wp-content\/uploads\/2022\/09\/Doctora3-300x300.png 300w, https:\/\/dentaldesignsmile.com\/wp-content\/uploads\/2022\/09\/Doctora3-150x150.png 150w, https:\/\/dentaldesignsmile.com\/wp-content\/uploads\/2022\/09\/Doctora3.png 500w\" sizes=\"auto, (max-width: 300px) 100vw, 300px\" \/><\/figure><div class=\"elementor-image-box-content\"><h3 class=\"elementor-image-box-title\">Dr. Simon<\/h3><\/div><\/div>\t\t\t\t<\/div>\n\t\t\t\t<\/div>\n\t\t\t\t<div class=\"elementor-element elementor-element-18c960f elementor-position-top elementor-widget elementor-widget-image-box\" data-id=\"18c960f\" data-element_type=\"widget\" data-widget_type=\"image-box.default\">\n\t\t\t\t<div class=\"elementor-widget-container\">\n\t\t\t\t\t<div class=\"elementor-image-box-wrapper\"><figure class=\"elementor-image-box-img\"><img loading=\"lazy\" decoding=\"async\" width=\"300\" height=\"300\" src=\"https:\/\/dentaldesignsmile.com\/wp-content\/uploads\/2022\/09\/Doctor-4-300x300.png\" class=\"attachment-medium size-medium wp-image-2965\" alt=\"\" srcset=\"https:\/\/dentaldesignsmile.com\/wp-content\/uploads\/2022\/09\/Doctor-4-300x300.png 300w, https:\/\/dentaldesignsmile.com\/wp-content\/uploads\/2022\/09\/Doctor-4-150x150.png 150w, https:\/\/dentaldesignsmile.com\/wp-content\/uploads\/2022\/09\/Doctor-4.png 500w\" sizes=\"auto, (max-width: 300px) 100vw, 300px\" \/><\/figure><div class=\"elementor-image-box-content\"><h3 class=\"elementor-image-box-title\">Dr. Gomez<\/h3><\/div><\/div>\t\t\t\t<\/div>\n\t\t\t\t<\/div>\n\t\t\t\t<\/div>\n\t\t<div class=\"elementor-element elementor-element-957c16a e-con-full e-flex e-con e-parent\" data-id=\"957c16a\" data-element_type=\"container\" data-settings=\"{&quot;background_background&quot;:&quot;classic&quot;}\">\n\t\t\t\t<div class=\"elementor-element elementor-element-1df94a7 elementor-position-top elementor-widget elementor-widget-image-box\" data-id=\"1df94a7\" data-element_type=\"widget\" data-widget_type=\"image-box.default\">\n\t\t\t\t<div class=\"elementor-widget-container\">\n\t\t\t\t\t<div class=\"elementor-image-box-wrapper\"><figure class=\"elementor-image-box-img\"><img loading=\"lazy\" decoding=\"async\" width=\"300\" height=\"300\" src=\"https:\/\/dentaldesignsmile.com\/wp-content\/uploads\/2022\/09\/Doctor-5-300x300.png\" class=\"attachment-medium size-medium wp-image-2966\" alt=\"\" srcset=\"https:\/\/dentaldesignsmile.com\/wp-content\/uploads\/2022\/09\/Doctor-5-300x300.png 300w, https:\/\/dentaldesignsmile.com\/wp-content\/uploads\/2022\/09\/Doctor-5-150x150.png 150w, https:\/\/dentaldesignsmile.com\/wp-content\/uploads\/2022\/09\/Doctor-5.png 500w\" sizes=\"auto, (max-width: 300px) 100vw, 300px\" \/><\/figure><div class=\"elementor-image-box-content\"><h3 class=\"elementor-image-box-title\">Dr. Hernandez<\/h3><\/div><\/div>\t\t\t\t<\/div>\n\t\t\t\t<\/div>\n\t\t\t\t<div class=\"elementor-element elementor-element-bbd5ed0 elementor-position-top elementor-widget elementor-widget-image-box\" data-id=\"bbd5ed0\" data-element_type=\"widget\" data-widget_type=\"image-box.default\">\n\t\t\t\t<div class=\"elementor-widget-container\">\n\t\t\t\t\t<div class=\"elementor-image-box-wrapper\"><figure class=\"elementor-image-box-img\"><img loading=\"lazy\" decoding=\"async\" width=\"300\" height=\"300\" src=\"https:\/\/dentaldesignsmile.com\/wp-content\/uploads\/2022\/09\/Doctor2-300x300.png\" class=\"attachment-medium size-medium wp-image-2973\" alt=\"\" srcset=\"https:\/\/dentaldesignsmile.com\/wp-content\/uploads\/2022\/09\/Doctor2-300x300.png 300w, https:\/\/dentaldesignsmile.com\/wp-content\/uploads\/2022\/09\/Doctor2-150x150.png 150w, https:\/\/dentaldesignsmile.com\/wp-content\/uploads\/2022\/09\/Doctor2.png 500w\" sizes=\"auto, (max-width: 300px) 100vw, 300px\" \/><\/figure><div class=\"elementor-image-box-content\"><h3 class=\"elementor-image-box-title\">Dr. Niznik<\/h3><\/div><\/div>\t\t\t\t<\/div>\n\t\t\t\t<\/div>\n\t\t\t\t<div class=\"elementor-element elementor-element-db44dad elementor-position-top elementor-widget elementor-widget-image-box\" data-id=\"db44dad\" data-element_type=\"widget\" data-widget_type=\"image-box.default\">\n\t\t\t\t<div class=\"elementor-widget-container\">\n\t\t\t\t\t<div class=\"elementor-image-box-wrapper\"><figure class=\"elementor-image-box-img\"><img loading=\"lazy\" decoding=\"async\" width=\"300\" height=\"300\" src=\"https:\/\/dentaldesignsmile.com\/wp-content\/uploads\/2022\/09\/Doctor-6-300x300.png\" class=\"attachment-medium size-medium wp-image-2967\" alt=\"\" srcset=\"https:\/\/dentaldesignsmile.com\/wp-content\/uploads\/2022\/09\/Doctor-6-300x300.png 300w, https:\/\/dentaldesignsmile.com\/wp-content\/uploads\/2022\/09\/Doctor-6-150x150.png 150w, https:\/\/dentaldesignsmile.com\/wp-content\/uploads\/2022\/09\/Doctor-6.png 500w\" sizes=\"auto, (max-width: 300px) 100vw, 300px\" \/><\/figure><div class=\"elementor-image-box-content\"><h3 class=\"elementor-image-box-title\">R.D.H Rivero<\/h3><\/div><\/div>\t\t\t\t<\/div>\n\t\t\t\t<\/div>\n\t\t\t\t<div class=\"elementor-element elementor-element-8ce63db elementor-position-top elementor-widget elementor-widget-image-box\" data-id=\"8ce63db\" data-element_type=\"widget\" data-widget_type=\"image-box.default\">\n\t\t\t\t<div class=\"elementor-widget-container\">\n\t\t\t\t\t<div class=\"elementor-image-box-wrapper\"><figure class=\"elementor-image-box-img\"><img loading=\"lazy\" decoding=\"async\" width=\"300\" height=\"300\" src=\"https:\/\/dentaldesignsmile.com\/wp-content\/uploads\/2022\/09\/Doctor-1-300x300.png\" class=\"attachment-medium size-medium wp-image-2972\" alt=\"\" srcset=\"https:\/\/dentaldesignsmile.com\/wp-content\/uploads\/2022\/09\/Doctor-1-300x300.png 300w, https:\/\/dentaldesignsmile.com\/wp-content\/uploads\/2022\/09\/Doctor-1-150x150.png 150w, https:\/\/dentaldesignsmile.com\/wp-content\/uploads\/2022\/09\/Doctor-1.png 500w\" sizes=\"auto, (max-width: 300px) 100vw, 300px\" \/><\/figure><div class=\"elementor-image-box-content\"><h3 class=\"elementor-image-box-title\">R.D.H Diaz<\/h3><\/div><\/div>\t\t\t\t<\/div>\n\t\t\t\t<\/div>\n\t\t\t\t<\/div>\n\t\t<section class=\"elementor-element elementor-element-e2b1367 e-con-full e-flex e-con e-parent\" data-id=\"e2b1367\" data-element_type=\"container\">\n\t\t\t\t<div class=\"elementor-element elementor-element-65c4cad elementor-widget elementor-widget-template\" data-id=\"65c4cad\" data-element_type=\"widget\" data-widget_type=\"template.default\">\n\t\t\t\t<div class=\"elementor-widget-container\">\n\t\t\t\t\t\t\t<div class=\"elementor-template\">\r\n\t\t\t\t\t<div data-elementor-type=\"container\" data-elementor-id=\"7216\" class=\"elementor elementor-7216\" data-elementor-post-type=\"elementor_library\">\n\t\t\t\t<section class=\"elementor-element elementor-element-212e5769 e-con-full e-flex e-con e-parent\" data-id=\"212e5769\" data-element_type=\"container\" data-settings=\"{&quot;background_background&quot;:&quot;classic&quot;}\">\n\t\t\t\t<div class=\"elementor-element elementor-element-11d59a79 elementor-widget-mobile__width-inherit elementor-widget elementor-widget-text-editor\" data-id=\"11d59a79\" data-element_type=\"widget\" data-widget_type=\"text-editor.default\">\n\t\t\t\t<div class=\"elementor-widget-container\">\n\t\t\t\t\t\t\t\t\t<p style=\"text-align: center;\">Solic\u00edtalo aqu\u00ed y recibe una propuesta de la m\u00e1s alta calidad<\/p>\t\t\t\t\t\t\t\t<\/div>\n\t\t\t\t<\/div>\n\t\t\t\t<div class=\"elementor-element elementor-element-4f6a8f35 elementor-widget elementor-widget-button\" data-id=\"4f6a8f35\" data-element_type=\"widget\" data-widget_type=\"button.default\">\n\t\t\t\t<div class=\"elementor-widget-container\">\n\t\t\t\t\t\t\t\t\t<div class=\"elementor-button-wrapper\">\n\t\t\t\t\t<a class=\"elementor-button elementor-button-link elementor-size-sm\" href=\"https:\/\/dentaldesignsmile.com\/es\/financing\/\">\n\t\t\t\t\t\t<span class=\"elementor-button-content-wrapper\">\n\t\t\t\t\t\t\t\t\t<span class=\"elementor-button-text\">SOLICITAR FINANCIAMIENTO<\/span>\n\t\t\t\t\t<\/span>\n\t\t\t\t\t<\/a>\n\t\t\t\t<\/div>\n\t\t\t\t\t\t\t\t<\/div>\n\t\t\t\t<\/div>\n\t\t\t\t<\/section>\n\t\t\t\t<\/div>\n\t\t\t\t<\/div>\r\n\t\t\t\t\t\t<\/div>\n\t\t\t\t<\/div>\n\t\t\t\t<\/section>\n\t\t\t\t<\/div>","protected":false},"excerpt":{"rendered":"<p>About Us Eat, Talk, Laugh and Smile with confidence It is our pleasure to serve our patients with the best dental treatment at an affordable cost. We specialize in the smile design or better known as\u00a0Hollywood Smile\u00a0in\u00a0Composite Resin\u00a0and\u00a0Porcelain Veneers, As well our staff specialized in implants, crowns, bridges, root canal and much more. Most of [&hellip;]<\/p>\n","protected":false},"author":1,"featured_media":0,"parent":0,"menu_order":0,"comment_status":"closed","ping_status":"closed","template":"elementor_header_footer","meta":{"footnotes":""},"class_list":["post-666","page","type-page","status-publish","hentry"],"aioseo_notices":[],"_links":{"self":[{"href":"https:\/\/dentaldesignsmile.com\/es\/wp-json\/wp\/v2\/pages\/666","targetHints":{"allow":["GET"]}}],"collection":[{"href":"https:\/\/dentaldesignsmile.com\/es\/wp-json\/wp\/v2\/pages"}],"about":[{"href":"https:\/\/dentaldesignsmile.com\/es\/wp-json\/wp\/v2\/types\/page"}],"author":[{"embeddable":true,"href":"https:\/\/dentaldesignsmile.com\/es\/wp-json\/wp\/v2\/users\/1"}],"replies":[{"embeddable":true,"href":"https:\/\/dentaldesignsmile.com\/es\/wp-json\/wp\/v2\/comments?post=666"}],"version-history":[{"count":6,"href":"https:\/\/dentaldesignsmile.com\/es\/wp-json\/wp\/v2\/pages\/666\/revisions"}],"predecessor-version":[{"id":13778,"href":"https:\/\/dentaldesignsmile.com\/es\/wp-json\/wp\/v2\/pages\/666\/revisions\/13778"}],"wp:attachment":[{"href":"https:\/\/dentaldesignsmile.com\/es\/wp-json\/wp\/v2\/media?parent=666"}],"curies":[{"name":"wp","href":"https:\/\/api.w.org\/{rel}","templated":true}]}}